{"id":657,"date":"2026-01-15T11:15:20","date_gmt":"2026-01-15T11:15:20","guid":{"rendered":"https:\/\/agouaeduc.org\/?page_id=657"},"modified":"2026-01-15T11:21:00","modified_gmt":"2026-01-15T11:21:00","slug":"a-propos","status":"publish","type":"page","link":"https:\/\/agouaeduc.org\/?page_id=657","title":{"rendered":"A Propos"},"content":{"rendered":"\n<h3 class=\"wp-block-heading\"><strong>Qui sommes nous<\/strong><\/h3>\n\n\n\n<h4 class=\"wp-block-heading\"><strong>Association Agoua \u00c9duc<\/strong><\/h4>\n\n\n\n<p>L\u2019Association Agoua \u00c9duc est une organisation \u00e0 But Non Lucratif selon la loi Canadienne d\u00e9di\u00e9e \u00e0 la r\u00e9ussite \u00e9ducative des enfants en difficult\u00e9. Fond\u00e9e avec la conviction que chaque enfant m\u00e9rite un acc\u00e8s \u00e9quitable \u00e0 l\u2019\u00e9ducation, notre association \u0153uvre pour offrir un accompagnement personnalis\u00e9, des ressources adapt\u00e9es et un environnement d\u2019apprentissage inclusif.<\/p>\n\n\n\n<p>Notre engagement envers l\u2019\u00e9ducation est h\u00e9rit\u00e9 de valeurs familiales fortes. Cette passion pour l\u2019enseignement et la transmission du savoir nous a naturellement conduits \u00e0 fonder Agoua \u00c9duc pour poursuivre cette mission \u00e0 plus grande \u00e9chelle.<\/p>\n\n\n\n<p>Nous croyons en une \u00e9ducation qui transforme des vies, ouvre des portes et b\u00e2tit un avenir meilleur. Gr\u00e2ce \u00e0 nos programmes de soutien scolaire, nos ateliers culturels et notre engagement communautaire, nous accompagnons les enfants vers la r\u00e9ussite en mobilisant enseignants, parents et partenaires \u00e9ducatifs.<\/p>\n\n\n\n<h4 class=\"wp-block-heading\">Nous sommes l\u00e0 pour eux<\/h4>\n\n\n\n<figure class=\"wp-block-image size-full\"><img fetchpriority=\"high\" decoding=\"async\" width=\"576\" height=\"586\" src=\"https:\/\/agouaeduc.org\/wp-content\/uploads\/2026\/01\/Image1.jpg\" alt=\"\" class=\"wp-image-710\" srcset=\"https:\/\/agouaeduc.org\/wp-content\/uploads\/2026\/01\/Image1.jpg 576w, https:\/\/agouaeduc.org\/wp-content\/uploads\/2026\/01\/Image1-295x300.jpg 295w\" sizes=\"(max-width: 576px) 100vw, 576px\" \/><\/figure>\n\n\n\n<p>Enfants suivies<br>0 +<br>Activit\u00e9<br>0 +<br>B\u00e9nevole<br>0 +<br>Ann\u00e9e d\u2019experience<br>0 +<\/p>\n\n\n\n<figure class=\"wp-block-image size-full\"><img decoding=\"async\" width=\"576\" height=\"768\" src=\"https:\/\/agouaeduc.org\/wp-content\/uploads\/2026\/01\/Image2.jpg\" alt=\"\" class=\"wp-image-709\" srcset=\"https:\/\/agouaeduc.org\/wp-content\/uploads\/2026\/01\/Image2.jpg 576w, https:\/\/agouaeduc.org\/wp-content\/uploads\/2026\/01\/Image2-225x300.jpg 225w\" sizes=\"(max-width: 576px) 100vw, 576px\" \/><\/figure>\n\n\n\n<h3 class=\"wp-block-heading\"><strong>Notre Mission<\/strong><\/h3>\n\n\n\n<p>L\u2019Association Agoua \u00c9duc a pour mission de soutenir, accompagner et outiller les enfants en difficult\u00e9 afin de leur offrir une \u00e9ducation de qualit\u00e9, inclusive et adapt\u00e9e \u00e0 leurs besoins. \u00c0 travers nos actions, nous souhaitons b\u00e2tir un avenir o\u00f9 chaque enfant, peu importe ses difficult\u00e9s, pourra apprendre, grandir et s\u2019\u00e9panouir pleinement.<\/p>\n\n\n\n<h3 class=\"wp-block-heading\"><strong>Notre cible<\/strong><\/h3>\n\n\n\n<h4 class=\"wp-block-heading\"><strong>   Enfants en difficult\u00e9<\/strong> :<\/h4>\n\n\n\n<ul class=\"wp-block-list\">\n<li>Ceux qui rencontrent des obstacles acad\u00e9miques, sociaux ou \u00e9conomiques qui freinent leur r\u00e9ussite scolaire.<\/li>\n<\/ul>\n\n\n\n<h4 class=\"wp-block-heading\"><strong>   Parents et familles<\/strong> :<\/h4>\n\n\n\n<ul class=\"wp-block-list\">\n<li>Ceux qui cherchent du soutien pour l\u2019\u00e9ducation et l\u2019\u00e9panouissement de leurs enfants.<\/li>\n<\/ul>\n\n\n\n<h4 class=\"wp-block-heading\">   <strong>Enseignants et \u00e9ducateurs<\/strong> :<\/h4>\n\n\n\n<ul class=\"wp-block-list\">\n<li>Ceux qui veulent am\u00e9liorer leurs pratiques p\u00e9dagogiques pour mieux r\u00e9pondre aux besoins des \u00e9l\u00e8ves en difficult\u00e9.<\/li>\n<\/ul>\n\n\n\n<h4 class=\"wp-block-heading\"><strong>   Communaut\u00e9 et acteurs locaux<\/strong> :<\/h4>\n\n\n\n<ul class=\"wp-block-list\">\n<li>Les organisations, entreprises et institutions d\u00e9sireuses de soutenir l\u2019\u00e9ducation et de contribuer au bien-\u00eatre des enfants.<\/li>\n<\/ul>\n\n\n\n<figure class=\"wp-block-gallery has-nested-images columns-default is-cropped wp-block-gallery-1 is-layout-flex wp-block-gallery-is-layout-flex\">\n<figure class=\"wp-block-image size-full\"><img decoding=\"async\" width=\"576\" height=\"432\" data-id=\"707\" src=\"https:\/\/agouaeduc.org\/wp-content\/uploads\/2026\/01\/Image3.jpg\" alt=\"\" class=\"wp-image-707\" srcset=\"https:\/\/agouaeduc.org\/wp-content\/uploads\/2026\/01\/Image3.jpg 576w, https:\/\/agouaeduc.org\/wp-content\/uploads\/2026\/01\/Image3-300x225.jpg 300w\" sizes=\"(max-width: 576px) 100vw, 576px\" \/><\/figure>\n<\/figure>\n\n\n\n<h3 class=\"wp-block-heading\"><strong>Notre vision<\/strong><\/h3>\n\n\n\n<h4 class=\"wp-block-heading\"><strong>Un Avenir \u00c9ducatif \u00c9quitable pour Tous<\/strong><\/h4>\n\n\n\n<p>La vision est de construire un monde o\u00f9 chaque enfant, b\u00e9n\u00e9ficie des m\u00eames chances de r\u00e9ussite et d\u2019\u00e9panouissement, quelles que soient les difficult\u00e9s auxquelles il est confront\u00e9. Nous aspirons \u00e0 voir des communaut\u00e9s o\u00f9 chaque enfant a acc\u00e8s \u00e0 une \u00e9ducation adapt\u00e9e, un soutien bienveillant et les ressources n\u00e9cessaires pour d\u00e9velopper pleinement son potentiel.<\/p>\n\n\n\n<h3 class=\"wp-block-heading\"><strong>Nos Objectifs<\/strong><\/h3>\n\n\n\n<p>Les objectifs de notre ONG sont orient\u00e9s vers l\u2019am\u00e9lioration directe des conditions de vie et d\u2019apprentissage des enfants, notamment dans les zones rurales et scolaires o\u00f9 les d\u00e9fis sont souvent nombreux.<br>L\u2019<strong>Association Agoua \u00c9duc<\/strong> s\u2019engage \u00e0 am\u00e9liorer l\u2019\u00e9ducation des enfants en difficult\u00e9 \u00e0 travers des actions concr\u00e8tes et durables.<\/p>\n\n\n\n<h3 class=\"wp-block-heading\"><strong>Nos valeurs<\/strong><\/h3>\n\n\n\n<ul class=\"wp-block-list\">\n<li><strong>Equit\u00e9<\/strong><\/li>\n\n\n\n<li><strong>Engagement<\/strong><\/li>\n\n\n\n<li><strong>Innovation<\/strong><\/li>\n\n\n\n<li><strong>Collaboration<\/strong><\/li>\n\n\n\n<li><strong>Bienveillance<\/strong><\/li>\n<\/ul>\n\n\n\n<p><\/p>\n","protected":false},"excerpt":{"rendered":"<p>Qui sommes nous Association Agoua \u00c9duc L\u2019Association Agoua \u00c9duc est une organisation \u00e0 But Non Lucratif selon la loi Canadienne d\u00e9di\u00e9e \u00e0 la r\u00e9ussite \u00e9ducative des enfants en difficult\u00e9. Fond\u00e9e avec la conviction que chaque enfant m\u00e9rite un acc\u00e8s \u00e9quitable &hellip; <\/p>\n","protected":false},"author":1,"featured_media":0,"parent":0,"menu_order":0,"comment_status":"closed","ping_status":"closed","template":"","meta":{"footnotes":""},"class_list":["post-657","page","type-page","status-publish","hentry"],"yoast_head":"<!-- This site is optimized with the Yoast SEO plugin v27.4 - https:\/\/yoast.com\/product\/yoast-seo-wordpress\/ -->\n<title>A Propos - AGOUA EDUC<\/title>\n<meta name=\"robots\" content=\"index, follow, max-snippet:-1, max-image-preview:large, max-video-preview:-1\" \/>\n<link rel=\"canonical\" href=\"https:\/\/agouaeduc.org\/?page_id=657\" \/>\n<meta property=\"og:locale\" content=\"fr_CA\" \/>\n<meta property=\"og:type\" content=\"article\" \/>\n<meta property=\"og:title\" content=\"A Propos - AGOUA EDUC\" \/>\n<meta property=\"og:description\" content=\"Qui sommes nous Association Agoua \u00c9duc L\u2019Association Agoua \u00c9duc est une organisation \u00e0 But Non Lucratif selon la loi Canadienne d\u00e9di\u00e9e \u00e0 la r\u00e9ussite \u00e9ducative des enfants en difficult\u00e9. Fond\u00e9e avec la conviction que chaque enfant m\u00e9rite un acc\u00e8s \u00e9quitable &hellip;\" \/>\n<meta property=\"og:url\" content=\"https:\/\/agouaeduc.org\/?page_id=657\" \/>\n<meta property=\"og:site_name\" content=\"AGOUA EDUC\" \/>\n<meta property=\"article:modified_time\" content=\"2026-01-15T11:21:00+00:00\" \/>\n<meta property=\"og:image\" content=\"https:\/\/agouaeduc.org\/wp-content\/uploads\/2026\/01\/Image1.jpg\" \/>\n\t<meta property=\"og:image:width\" content=\"576\" \/>\n\t<meta property=\"og:image:height\" content=\"586\" \/>\n\t<meta property=\"og:image:type\" content=\"image\/jpeg\" \/>\n<meta name=\"twitter:card\" content=\"summary_large_image\" \/>\n<meta name=\"twitter:label1\" content=\"Estimation du temps de lecture\" \/>\n\t<meta name=\"twitter:data1\" content=\"3 minutes\" \/>\n<script type=\"application\/ld+json\" class=\"yoast-schema-graph\">{\"@context\":\"https:\\\/\\\/schema.org\",\"@graph\":[{\"@type\":\"WebPage\",\"@id\":\"https:\\\/\\\/agouaeduc.org\\\/?page_id=657\",\"url\":\"https:\\\/\\\/agouaeduc.org\\\/?page_id=657\",\"name\":\"A Propos - AGOUA EDUC\",\"isPartOf\":{\"@id\":\"https:\\\/\\\/agouaeduc.org\\\/#website\"},\"primaryImageOfPage\":{\"@id\":\"https:\\\/\\\/agouaeduc.org\\\/?page_id=657#primaryimage\"},\"image\":{\"@id\":\"https:\\\/\\\/agouaeduc.org\\\/?page_id=657#primaryimage\"},\"thumbnailUrl\":\"https:\\\/\\\/agouaeduc.org\\\/wp-content\\\/uploads\\\/2026\\\/01\\\/Image1.jpg\",\"datePublished\":\"2026-01-15T11:15:20+00:00\",\"dateModified\":\"2026-01-15T11:21:00+00:00\",\"breadcrumb\":{\"@id\":\"https:\\\/\\\/agouaeduc.org\\\/?page_id=657#breadcrumb\"},\"inLanguage\":\"fr-CA\",\"potentialAction\":[{\"@type\":\"ReadAction\",\"target\":[\"https:\\\/\\\/agouaeduc.org\\\/?page_id=657\"]}]},{\"@type\":\"ImageObject\",\"inLanguage\":\"fr-CA\",\"@id\":\"https:\\\/\\\/agouaeduc.org\\\/?page_id=657#primaryimage\",\"url\":\"https:\\\/\\\/agouaeduc.org\\\/wp-content\\\/uploads\\\/2026\\\/01\\\/Image1.jpg\",\"contentUrl\":\"https:\\\/\\\/agouaeduc.org\\\/wp-content\\\/uploads\\\/2026\\\/01\\\/Image1.jpg\",\"width\":576,\"height\":586},{\"@type\":\"BreadcrumbList\",\"@id\":\"https:\\\/\\\/agouaeduc.org\\\/?page_id=657#breadcrumb\",\"itemListElement\":[{\"@type\":\"ListItem\",\"position\":1,\"name\":\"Accueil\",\"item\":\"https:\\\/\\\/agouaeduc.org\\\/\"},{\"@type\":\"ListItem\",\"position\":2,\"name\":\"A Propos\"}]},{\"@type\":\"WebSite\",\"@id\":\"https:\\\/\\\/agouaeduc.org\\\/#website\",\"url\":\"https:\\\/\\\/agouaeduc.org\\\/\",\"name\":\"AGOUA EDUC\",\"description\":\"Ensemble donnons aux enfants en difficult\u00e9 les cl\u00e9s de l&#039;avenir\",\"publisher\":{\"@id\":\"https:\\\/\\\/agouaeduc.org\\\/#organization\"},\"potentialAction\":[{\"@type\":\"SearchAction\",\"target\":{\"@type\":\"EntryPoint\",\"urlTemplate\":\"https:\\\/\\\/agouaeduc.org\\\/?s={search_term_string}\"},\"query-input\":{\"@type\":\"PropertyValueSpecification\",\"valueRequired\":true,\"valueName\":\"search_term_string\"}}],\"inLanguage\":\"fr-CA\"},{\"@type\":\"Organization\",\"@id\":\"https:\\\/\\\/agouaeduc.org\\\/#organization\",\"name\":\"AGOUA EDUC\",\"url\":\"https:\\\/\\\/agouaeduc.org\\\/\",\"logo\":{\"@type\":\"ImageObject\",\"inLanguage\":\"fr-CA\",\"@id\":\"https:\\\/\\\/agouaeduc.org\\\/#\\\/schema\\\/logo\\\/image\\\/\",\"url\":\"https:\\\/\\\/agouaeduc.org\\\/wp-content\\\/uploads\\\/2026\\\/01\\\/Logo_Agouaeduc_150.jpg\",\"contentUrl\":\"https:\\\/\\\/agouaeduc.org\\\/wp-content\\\/uploads\\\/2026\\\/01\\\/Logo_Agouaeduc_150.jpg\",\"width\":150,\"height\":150,\"caption\":\"AGOUA EDUC\"},\"image\":{\"@id\":\"https:\\\/\\\/agouaeduc.org\\\/#\\\/schema\\\/logo\\\/image\\\/\"}}]}<\/script>\n<!-- \/ Yoast SEO plugin. -->","yoast_head_json":{"title":"A Propos - AGOUA EDUC","robots":{"index":"index","follow":"follow","max-snippet":"max-snippet:-1","max-image-preview":"max-image-preview:large","max-video-preview":"max-video-preview:-1"},"canonical":"https:\/\/agouaeduc.org\/?page_id=657","og_locale":"fr_CA","og_type":"article","og_title":"A Propos - AGOUA EDUC","og_description":"Qui sommes nous Association Agoua \u00c9duc L\u2019Association Agoua \u00c9duc est une organisation \u00e0 But Non Lucratif selon la loi Canadienne d\u00e9di\u00e9e \u00e0 la r\u00e9ussite \u00e9ducative des enfants en difficult\u00e9. Fond\u00e9e avec la conviction que chaque enfant m\u00e9rite un acc\u00e8s \u00e9quitable &hellip;","og_url":"https:\/\/agouaeduc.org\/?page_id=657","og_site_name":"AGOUA EDUC","article_modified_time":"2026-01-15T11:21:00+00:00","og_image":[{"width":576,"height":586,"url":"https:\/\/agouaeduc.org\/wp-content\/uploads\/2026\/01\/Image1.jpg","type":"image\/jpeg"}],"twitter_card":"summary_large_image","twitter_misc":{"Estimation du temps de lecture":"3 minutes"},"schema":{"@context":"https:\/\/schema.org","@graph":[{"@type":"WebPage","@id":"https:\/\/agouaeduc.org\/?page_id=657","url":"https:\/\/agouaeduc.org\/?page_id=657","name":"A Propos - AGOUA EDUC","isPartOf":{"@id":"https:\/\/agouaeduc.org\/#website"},"primaryImageOfPage":{"@id":"https:\/\/agouaeduc.org\/?page_id=657#primaryimage"},"image":{"@id":"https:\/\/agouaeduc.org\/?page_id=657#primaryimage"},"thumbnailUrl":"https:\/\/agouaeduc.org\/wp-content\/uploads\/2026\/01\/Image1.jpg","datePublished":"2026-01-15T11:15:20+00:00","dateModified":"2026-01-15T11:21:00+00:00","breadcrumb":{"@id":"https:\/\/agouaeduc.org\/?page_id=657#breadcrumb"},"inLanguage":"fr-CA","potentialAction":[{"@type":"ReadAction","target":["https:\/\/agouaeduc.org\/?page_id=657"]}]},{"@type":"ImageObject","inLanguage":"fr-CA","@id":"https:\/\/agouaeduc.org\/?page_id=657#primaryimage","url":"https:\/\/agouaeduc.org\/wp-content\/uploads\/2026\/01\/Image1.jpg","contentUrl":"https:\/\/agouaeduc.org\/wp-content\/uploads\/2026\/01\/Image1.jpg","width":576,"height":586},{"@type":"BreadcrumbList","@id":"https:\/\/agouaeduc.org\/?page_id=657#breadcrumb","itemListElement":[{"@type":"ListItem","position":1,"name":"Accueil","item":"https:\/\/agouaeduc.org\/"},{"@type":"ListItem","position":2,"name":"A Propos"}]},{"@type":"WebSite","@id":"https:\/\/agouaeduc.org\/#website","url":"https:\/\/agouaeduc.org\/","name":"AGOUA EDUC","description":"Ensemble donnons aux enfants en difficult\u00e9 les cl\u00e9s de l&#039;avenir","publisher":{"@id":"https:\/\/agouaeduc.org\/#organization"},"potentialAction":[{"@type":"SearchAction","target":{"@type":"EntryPoint","urlTemplate":"https:\/\/agouaeduc.org\/?s={search_term_string}"},"query-input":{"@type":"PropertyValueSpecification","valueRequired":true,"valueName":"search_term_string"}}],"inLanguage":"fr-CA"},{"@type":"Organization","@id":"https:\/\/agouaeduc.org\/#organization","name":"AGOUA EDUC","url":"https:\/\/agouaeduc.org\/","logo":{"@type":"ImageObject","inLanguage":"fr-CA","@id":"https:\/\/agouaeduc.org\/#\/schema\/logo\/image\/","url":"https:\/\/agouaeduc.org\/wp-content\/uploads\/2026\/01\/Logo_Agouaeduc_150.jpg","contentUrl":"https:\/\/agouaeduc.org\/wp-content\/uploads\/2026\/01\/Logo_Agouaeduc_150.jpg","width":150,"height":150,"caption":"AGOUA EDUC"},"image":{"@id":"https:\/\/agouaeduc.org\/#\/schema\/logo\/image\/"}}]}},"_links":{"self":[{"href":"https:\/\/agouaeduc.org\/index.php?rest_route=\/wp\/v2\/pages\/657","targetHints":{"allow":["GET"]}}],"collection":[{"href":"https:\/\/agouaeduc.org\/index.php?rest_route=\/wp\/v2\/pages"}],"about":[{"href":"https:\/\/agouaeduc.org\/index.php?rest_route=\/wp\/v2\/types\/page"}],"author":[{"embeddable":true,"href":"https:\/\/agouaeduc.org\/index.php?rest_route=\/wp\/v2\/users\/1"}],"replies":[{"embeddable":true,"href":"https:\/\/agouaeduc.org\/index.php?rest_route=%2Fwp%2Fv2%2Fcomments&post=657"}],"version-history":[{"count":3,"href":"https:\/\/agouaeduc.org\/index.php?rest_route=\/wp\/v2\/pages\/657\/revisions"}],"predecessor-version":[{"id":711,"href":"https:\/\/agouaeduc.org\/index.php?rest_route=\/wp\/v2\/pages\/657\/revisions\/711"}],"wp:attachment":[{"href":"https:\/\/agouaeduc.org\/index.php?rest_route=%2Fwp%2Fv2%2Fmedia&parent=657"}],"curies":[{"name":"wp","href":"https:\/\/api.w.org\/{rel}","templated":true}]}}