{"id":662,"date":"2026-01-15T11:23:11","date_gmt":"2026-01-15T11:23:11","guid":{"rendered":"https:\/\/agouaeduc.org\/?page_id=662"},"modified":"2026-01-15T11:40:05","modified_gmt":"2026-01-15T11:40:05","slug":"activites","status":"publish","type":"page","link":"https:\/\/agouaeduc.org\/?page_id=662","title":{"rendered":"Programme"},"content":{"rendered":"\n<h3 class=\"wp-block-heading\"><strong>Activit<\/strong>\u00e9<\/h3>\n\n\n\n<h4 class=\"wp-block-heading\"><strong>D\u00e9couvrez nos programmes d\u2019activit\u00e9<\/strong><\/h4>\n\n\n\n<p>Nos programmes et activit\u00e9s sont con\u00e7us pour stimuler la curiosit\u00e9, renforcer les comp\u00e9tences acad\u00e9miques et personnelles, et cr\u00e9er un environnement \u00e9ducatif positif et motivant pour chaque enfant.<\/p>\n\n\n\n<h4 class=\"wp-block-heading\">1. Programmes \u00c9ducatifs et de Soutien Scolaire<\/h4>\n\n\n\n<p>Nous proposons un accompagnement scolaire personnalis\u00e9, des ateliers interactifs, et int\u00e9grons les outils num\u00e9riques pour rendre l\u2019apprentissage plus dynamique et accessible.<\/p>\n\n\n\n<h4 class=\"wp-block-heading\">2. Activit\u00e9s Culturelles et Artistiques<\/h4>\n\n\n\n<p>Les enfants explorent leur cr\u00e9ativit\u00e9 \u00e0 travers les arts, d\u00e9couvrent leur culture et le monde, et participent \u00e0 des sorties \u00e9ducatives enrichissantes.<\/p>\n\n\n\n<h4 class=\"wp-block-heading\">3. Implication des Parents et de la Communaut\u00e9<\/h4>\n\n\n\n<p>Nous formons les parents, mobilisons la communaut\u00e9 autour de l\u2019\u00e9ducation et sensibilisons aux bonnes pratiques de sant\u00e9 et de nutrition pour le bien-\u00eatre des enfants.<\/p>\n\n\n\n<h4 class=\"wp-block-heading\">4. Sensibilisation et Plaidoyer pour l\u2019\u00c9ducation<\/h4>\n\n\n\n<p>Par des campagnes, des \u00e9v\u00e9nements et la distribution de kits scolaires, nous militons pour l\u2019acc\u00e8s \u00e9quitable \u00e0 l\u2019\u00e9ducation et renfor\u00e7ons l\u2019accompagnement des \u00e9l\u00e8ves.<\/p>\n\n\n\n<h4 class=\"wp-block-heading\">5. Innovation et D\u00e9veloppement des Comp\u00e9tences<\/h4>\n\n\n\n<p>Nous pr\u00e9parons les enfants au futur \u00e0 travers des ateliers de d\u00e9veloppement personnel, d\u2019\u00e9ducation num\u00e9rique et d\u2019encadrement de jeunes leaders.<\/p>\n\n\n\n<h3 class=\"wp-block-heading\"><strong>Offrez-leur une chance de r\u00e9ussir<\/strong><\/h3>\n\n\n\n<p>Chaque don, petit ou grand, change concr\u00e8tement la vie d\u2019un enfant en lui ouvrant les portes de l\u2019\u00e9ducation, du soutien et de l\u2019espoir.<\/p>\n\n\n\n<h3 class=\"wp-block-heading\">Faire un don<br><\/h3>\n\n\n\n<figure class=\"wp-block-gallery has-nested-images columns-default is-cropped wp-block-gallery-1 is-layout-flex wp-block-gallery-is-layout-flex\">\n<figure class=\"wp-block-image size-large\"><img fetchpriority=\"high\" decoding=\"async\" width=\"1024\" height=\"683\" data-id=\"703\" src=\"https:\/\/agouaeduc.org\/wp-content\/uploads\/2026\/01\/Image4-1024x683.jpg\" alt=\"\" class=\"wp-image-703\" srcset=\"https:\/\/agouaeduc.org\/wp-content\/uploads\/2026\/01\/Image4-1024x683.jpg 1024w, https:\/\/agouaeduc.org\/wp-content\/uploads\/2026\/01\/Image4-300x200.jpg 300w, https:\/\/agouaeduc.org\/wp-content\/uploads\/2026\/01\/Image4-768x512.jpg 768w, https:\/\/agouaeduc.org\/wp-content\/uploads\/2026\/01\/Image4.jpg 1320w\" sizes=\"(max-width: 1024px) 100vw, 1024px\" \/><\/figure>\n<\/figure>\n\n\n\n<h3 class=\"wp-block-heading\"><strong>R\u00e9alisations<\/strong><\/h3>\n\n\n\n<h4 class=\"wp-block-heading\"><strong>Activit\u00e9 d\u00e9j\u00e0 faites<\/strong><\/h4>\n\n\n\n<h4 class=\"wp-block-heading\">Lancement de l\u2019association<\/h4>\n\n\n\n<p>Date : 15 mars 2025<\/p>\n\n\n\n<p>Lieu : Biblioth\u00e8que publique de Cornwall Heure : 11: 30<\/p>\n\n\n\n<h3 class=\"wp-block-heading\">Projet pilote d\u2019accompagnement en lecture et en num\u00e9ration<\/h3>\n\n\n\n<h4 class=\"wp-block-heading\"><strong>P\u00e9riode : Du 09 avril au 14 juin 2025<\/strong><\/h4>\n\n\n\n<ul class=\"wp-block-list\">\n<li>Date : tous les mercredis&nbsp;Lieu : \u00c9cole Marie-Tanguay Heure : 14:45 \u00e0 16:15<\/li>\n\n\n\n<li>Date : tous les jeudis Lieu : \u00c9cole Notre-Dame \u2014 Cornwall Heure : 15:45 \u00e0 17:15<\/li>\n\n\n\n<li>Date : tous<\/li>\n<\/ul>\n\n\n\n<p><\/p>\n","protected":false},"excerpt":{"rendered":"<p>Activit\u00e9 D\u00e9couvrez nos programmes d\u2019activit\u00e9 Nos programmes et activit\u00e9s sont con\u00e7us pour stimuler la curiosit\u00e9, renforcer les comp\u00e9tences acad\u00e9miques et personnelles, et cr\u00e9er un environnement \u00e9ducatif positif et motivant pour chaque enfant. 1. Programmes \u00c9ducatifs et de Soutien Scolaire Nous &hellip; <\/p>\n","protected":false},"author":1,"featured_media":0,"parent":0,"menu_order":0,"comment_status":"closed","ping_status":"closed","template":"","meta":{"footnotes":""},"class_list":["post-662","page","type-page","status-publish","hentry"],"yoast_head":"<!-- This site is optimized with the Yoast SEO plugin v27.4 - https:\/\/yoast.com\/product\/yoast-seo-wordpress\/ -->\n<title>Programme - AGOUA EDUC<\/title>\n<meta name=\"robots\" content=\"index, follow, max-snippet:-1, max-image-preview:large, max-video-preview:-1\" \/>\n<link rel=\"canonical\" href=\"https:\/\/agouaeduc.org\/?page_id=662\" \/>\n<meta property=\"og:locale\" content=\"fr_CA\" \/>\n<meta property=\"og:type\" content=\"article\" \/>\n<meta property=\"og:title\" content=\"Programme - AGOUA EDUC\" \/>\n<meta property=\"og:description\" content=\"Activit\u00e9 D\u00e9couvrez nos programmes d\u2019activit\u00e9 Nos programmes et activit\u00e9s sont con\u00e7us pour stimuler la curiosit\u00e9, renforcer les comp\u00e9tences acad\u00e9miques et personnelles, et cr\u00e9er un environnement \u00e9ducatif positif et motivant pour chaque enfant. 1. Programmes \u00c9ducatifs et de Soutien Scolaire Nous &hellip;\" \/>\n<meta property=\"og:url\" content=\"https:\/\/agouaeduc.org\/?page_id=662\" \/>\n<meta property=\"og:site_name\" content=\"AGOUA EDUC\" \/>\n<meta property=\"article:modified_time\" content=\"2026-01-15T11:40:05+00:00\" \/>\n<meta property=\"og:image\" content=\"https:\/\/agouaeduc.org\/wp-content\/uploads\/2026\/01\/Image4.jpg\" \/>\n\t<meta property=\"og:image:width\" content=\"1320\" \/>\n\t<meta property=\"og:image:height\" content=\"880\" \/>\n\t<meta property=\"og:image:type\" content=\"image\/jpeg\" \/>\n<meta name=\"twitter:card\" content=\"summary_large_image\" \/>\n<meta name=\"twitter:label1\" content=\"Estimation du temps de lecture\" \/>\n\t<meta name=\"twitter:data1\" content=\"2 minutes\" \/>\n<script type=\"application\/ld+json\" class=\"yoast-schema-graph\">{\"@context\":\"https:\\\/\\\/schema.org\",\"@graph\":[{\"@type\":\"WebPage\",\"@id\":\"https:\\\/\\\/agouaeduc.org\\\/?page_id=662\",\"url\":\"https:\\\/\\\/agouaeduc.org\\\/?page_id=662\",\"name\":\"Programme - AGOUA EDUC\",\"isPartOf\":{\"@id\":\"https:\\\/\\\/agouaeduc.org\\\/#website\"},\"primaryImageOfPage\":{\"@id\":\"https:\\\/\\\/agouaeduc.org\\\/?page_id=662#primaryimage\"},\"image\":{\"@id\":\"https:\\\/\\\/agouaeduc.org\\\/?page_id=662#primaryimage\"},\"thumbnailUrl\":\"https:\\\/\\\/agouaeduc.org\\\/wp-content\\\/uploads\\\/2026\\\/01\\\/Image4-1024x683.jpg\",\"datePublished\":\"2026-01-15T11:23:11+00:00\",\"dateModified\":\"2026-01-15T11:40:05+00:00\",\"breadcrumb\":{\"@id\":\"https:\\\/\\\/agouaeduc.org\\\/?page_id=662#breadcrumb\"},\"inLanguage\":\"fr-CA\",\"potentialAction\":[{\"@type\":\"ReadAction\",\"target\":[\"https:\\\/\\\/agouaeduc.org\\\/?page_id=662\"]}]},{\"@type\":\"ImageObject\",\"inLanguage\":\"fr-CA\",\"@id\":\"https:\\\/\\\/agouaeduc.org\\\/?page_id=662#primaryimage\",\"url\":\"https:\\\/\\\/agouaeduc.org\\\/wp-content\\\/uploads\\\/2026\\\/01\\\/Image4.jpg\",\"contentUrl\":\"https:\\\/\\\/agouaeduc.org\\\/wp-content\\\/uploads\\\/2026\\\/01\\\/Image4.jpg\",\"width\":1320,\"height\":880},{\"@type\":\"BreadcrumbList\",\"@id\":\"https:\\\/\\\/agouaeduc.org\\\/?page_id=662#breadcrumb\",\"itemListElement\":[{\"@type\":\"ListItem\",\"position\":1,\"name\":\"Accueil\",\"item\":\"https:\\\/\\\/agouaeduc.org\\\/\"},{\"@type\":\"ListItem\",\"position\":2,\"name\":\"Programme\"}]},{\"@type\":\"WebSite\",\"@id\":\"https:\\\/\\\/agouaeduc.org\\\/#website\",\"url\":\"https:\\\/\\\/agouaeduc.org\\\/\",\"name\":\"AGOUA EDUC\",\"description\":\"Ensemble donnons aux enfants en difficult\u00e9 les cl\u00e9s de l&#039;avenir\",\"publisher\":{\"@id\":\"https:\\\/\\\/agouaeduc.org\\\/#organization\"},\"potentialAction\":[{\"@type\":\"SearchAction\",\"target\":{\"@type\":\"EntryPoint\",\"urlTemplate\":\"https:\\\/\\\/agouaeduc.org\\\/?s={search_term_string}\"},\"query-input\":{\"@type\":\"PropertyValueSpecification\",\"valueRequired\":true,\"valueName\":\"search_term_string\"}}],\"inLanguage\":\"fr-CA\"},{\"@type\":\"Organization\",\"@id\":\"https:\\\/\\\/agouaeduc.org\\\/#organization\",\"name\":\"AGOUA EDUC\",\"url\":\"https:\\\/\\\/agouaeduc.org\\\/\",\"logo\":{\"@type\":\"ImageObject\",\"inLanguage\":\"fr-CA\",\"@id\":\"https:\\\/\\\/agouaeduc.org\\\/#\\\/schema\\\/logo\\\/image\\\/\",\"url\":\"https:\\\/\\\/agouaeduc.org\\\/wp-content\\\/uploads\\\/2026\\\/01\\\/Logo_Agouaeduc_150.jpg\",\"contentUrl\":\"https:\\\/\\\/agouaeduc.org\\\/wp-content\\\/uploads\\\/2026\\\/01\\\/Logo_Agouaeduc_150.jpg\",\"width\":150,\"height\":150,\"caption\":\"AGOUA EDUC\"},\"image\":{\"@id\":\"https:\\\/\\\/agouaeduc.org\\\/#\\\/schema\\\/logo\\\/image\\\/\"}}]}<\/script>\n<!-- \/ Yoast SEO plugin. -->","yoast_head_json":{"title":"Programme - AGOUA EDUC","robots":{"index":"index","follow":"follow","max-snippet":"max-snippet:-1","max-image-preview":"max-image-preview:large","max-video-preview":"max-video-preview:-1"},"canonical":"https:\/\/agouaeduc.org\/?page_id=662","og_locale":"fr_CA","og_type":"article","og_title":"Programme - AGOUA EDUC","og_description":"Activit\u00e9 D\u00e9couvrez nos programmes d\u2019activit\u00e9 Nos programmes et activit\u00e9s sont con\u00e7us pour stimuler la curiosit\u00e9, renforcer les comp\u00e9tences acad\u00e9miques et personnelles, et cr\u00e9er un environnement \u00e9ducatif positif et motivant pour chaque enfant. 1. Programmes \u00c9ducatifs et de Soutien Scolaire Nous &hellip;","og_url":"https:\/\/agouaeduc.org\/?page_id=662","og_site_name":"AGOUA EDUC","article_modified_time":"2026-01-15T11:40:05+00:00","og_image":[{"width":1320,"height":880,"url":"https:\/\/agouaeduc.org\/wp-content\/uploads\/2026\/01\/Image4.jpg","type":"image\/jpeg"}],"twitter_card":"summary_large_image","twitter_misc":{"Estimation du temps de lecture":"2 minutes"},"schema":{"@context":"https:\/\/schema.org","@graph":[{"@type":"WebPage","@id":"https:\/\/agouaeduc.org\/?page_id=662","url":"https:\/\/agouaeduc.org\/?page_id=662","name":"Programme - AGOUA EDUC","isPartOf":{"@id":"https:\/\/agouaeduc.org\/#website"},"primaryImageOfPage":{"@id":"https:\/\/agouaeduc.org\/?page_id=662#primaryimage"},"image":{"@id":"https:\/\/agouaeduc.org\/?page_id=662#primaryimage"},"thumbnailUrl":"https:\/\/agouaeduc.org\/wp-content\/uploads\/2026\/01\/Image4-1024x683.jpg","datePublished":"2026-01-15T11:23:11+00:00","dateModified":"2026-01-15T11:40:05+00:00","breadcrumb":{"@id":"https:\/\/agouaeduc.org\/?page_id=662#breadcrumb"},"inLanguage":"fr-CA","potentialAction":[{"@type":"ReadAction","target":["https:\/\/agouaeduc.org\/?page_id=662"]}]},{"@type":"ImageObject","inLanguage":"fr-CA","@id":"https:\/\/agouaeduc.org\/?page_id=662#primaryimage","url":"https:\/\/agouaeduc.org\/wp-content\/uploads\/2026\/01\/Image4.jpg","contentUrl":"https:\/\/agouaeduc.org\/wp-content\/uploads\/2026\/01\/Image4.jpg","width":1320,"height":880},{"@type":"BreadcrumbList","@id":"https:\/\/agouaeduc.org\/?page_id=662#breadcrumb","itemListElement":[{"@type":"ListItem","position":1,"name":"Accueil","item":"https:\/\/agouaeduc.org\/"},{"@type":"ListItem","position":2,"name":"Programme"}]},{"@type":"WebSite","@id":"https:\/\/agouaeduc.org\/#website","url":"https:\/\/agouaeduc.org\/","name":"AGOUA EDUC","description":"Ensemble donnons aux enfants en difficult\u00e9 les cl\u00e9s de l&#039;avenir","publisher":{"@id":"https:\/\/agouaeduc.org\/#organization"},"potentialAction":[{"@type":"SearchAction","target":{"@type":"EntryPoint","urlTemplate":"https:\/\/agouaeduc.org\/?s={search_term_string}"},"query-input":{"@type":"PropertyValueSpecification","valueRequired":true,"valueName":"search_term_string"}}],"inLanguage":"fr-CA"},{"@type":"Organization","@id":"https:\/\/agouaeduc.org\/#organization","name":"AGOUA EDUC","url":"https:\/\/agouaeduc.org\/","logo":{"@type":"ImageObject","inLanguage":"fr-CA","@id":"https:\/\/agouaeduc.org\/#\/schema\/logo\/image\/","url":"https:\/\/agouaeduc.org\/wp-content\/uploads\/2026\/01\/Logo_Agouaeduc_150.jpg","contentUrl":"https:\/\/agouaeduc.org\/wp-content\/uploads\/2026\/01\/Logo_Agouaeduc_150.jpg","width":150,"height":150,"caption":"AGOUA EDUC"},"image":{"@id":"https:\/\/agouaeduc.org\/#\/schema\/logo\/image\/"}}]}},"_links":{"self":[{"href":"https:\/\/agouaeduc.org\/index.php?rest_route=\/wp\/v2\/pages\/662","targetHints":{"allow":["GET"]}}],"collection":[{"href":"https:\/\/agouaeduc.org\/index.php?rest_route=\/wp\/v2\/pages"}],"about":[{"href":"https:\/\/agouaeduc.org\/index.php?rest_route=\/wp\/v2\/types\/page"}],"author":[{"embeddable":true,"href":"https:\/\/agouaeduc.org\/index.php?rest_route=\/wp\/v2\/users\/1"}],"replies":[{"embeddable":true,"href":"https:\/\/agouaeduc.org\/index.php?rest_route=%2Fwp%2Fv2%2Fcomments&post=662"}],"version-history":[{"count":4,"href":"https:\/\/agouaeduc.org\/index.php?rest_route=\/wp\/v2\/pages\/662\/revisions"}],"predecessor-version":[{"id":704,"href":"https:\/\/agouaeduc.org\/index.php?rest_route=\/wp\/v2\/pages\/662\/revisions\/704"}],"wp:attachment":[{"href":"https:\/\/agouaeduc.org\/index.php?rest_route=%2Fwp%2Fv2%2Fmedia&parent=662"}],"curies":[{"name":"wp","href":"https:\/\/api.w.org\/{rel}","templated":true}]}}