{"id":666,"date":"2026-01-15T11:19:43","date_gmt":"2026-01-15T11:19:43","guid":{"rendered":"https:\/\/agouaeduc.org\/?page_id=666"},"modified":"2026-01-15T11:22:28","modified_gmt":"2026-01-15T11:22:28","slug":"projet-pilote","status":"publish","type":"page","link":"https:\/\/agouaeduc.org\/?page_id=666","title":{"rendered":"Blog"},"content":{"rendered":"\n<h3 class=\"wp-block-heading\"><strong>Offrez-leur une chance de r\u00e9ussir<\/strong><\/h3>\n\n\n\n<p>Chaque don, petit ou grand, change concr\u00e8tement la vie d\u2019un enfant en lui ouvrant les portes de l\u2019\u00e9ducation, du soutien et de l\u2019espoir.<\/p>\n\n\n\n<h4 class=\"wp-block-heading\">Faire un don<\/h4>\n\n\n\n<figure class=\"wp-block-image size-large\"><img fetchpriority=\"high\" decoding=\"async\" width=\"1024\" height=\"683\" src=\"https:\/\/agouaeduc.org\/wp-content\/uploads\/2026\/01\/Image4-1024x683.jpg\" alt=\"\" class=\"wp-image-646\" srcset=\"https:\/\/agouaeduc.org\/wp-content\/uploads\/2026\/01\/Image4-1024x683.jpg 1024w, https:\/\/agouaeduc.org\/wp-content\/uploads\/2026\/01\/Image4-300x200.jpg 300w, https:\/\/agouaeduc.org\/wp-content\/uploads\/2026\/01\/Image4-768x512.jpg 768w, https:\/\/agouaeduc.org\/wp-content\/uploads\/2026\/01\/Image4.jpg 1320w\" sizes=\"(max-width: 1024px) 100vw, 1024px\" \/><\/figure>\n\n\n\n<h4 class=\"wp-block-heading\"><strong>Projet pilote d\u2019accompagnement des enfants \u2013 Association Agoua \u00c9duc<\/strong><\/h4>\n\n\n\n<figure class=\"wp-block-image size-full\"><img decoding=\"async\" width=\"576\" height=\"432\" src=\"https:\/\/agouaeduc.org\/wp-content\/uploads\/2026\/01\/Image1-1.jpg\" alt=\"\" class=\"wp-image-718\" srcset=\"https:\/\/agouaeduc.org\/wp-content\/uploads\/2026\/01\/Image1-1.jpg 576w, https:\/\/agouaeduc.org\/wp-content\/uploads\/2026\/01\/Image1-1-300x225.jpg 300w\" sizes=\"(max-width: 576px) 100vw, 576px\" \/><\/figure>\n\n\n\n<p>Du 9 avril au 14 juin, l\u2019Association Agoua \u00c9duc a men\u00e9 avec succ\u00e8s un projet pilote d\u2019accompagnement \u00e9ducatif destin\u00e9 aux enfants nouvellement arriv\u00e9s et \u00e0 ceux ayant besoin d\u2019un soutien suppl\u00e9mentaire dans leurs apprentissages. Ce projet, qui s\u2019est d\u00e9roul\u00e9 \u00e0 l\u2019\u00e9cole Marie Tanguay, \u00e0 l\u2019\u00e9cole Notre-Dame ainsi qu\u2019\u00e0 la biblioth\u00e8que publique, a r\u00e9uni 64 \u00e9l\u00e8ves [\u2026]<\/p>\n\n\n\n<h3 class=\"wp-block-heading\">Un cahier, un sourire, un avenir : l\u2019impact r\u00e9el du soutien scolaire en zone rurale<\/h3>\n\n\n\n<figure class=\"wp-block-image size-full\"><img decoding=\"async\" width=\"576\" height=\"384\" src=\"https:\/\/agouaeduc.org\/wp-content\/uploads\/2026\/01\/Image2-2.jpg\" alt=\"\" class=\"wp-image-719\" srcset=\"https:\/\/agouaeduc.org\/wp-content\/uploads\/2026\/01\/Image2-2.jpg 576w, https:\/\/agouaeduc.org\/wp-content\/uploads\/2026\/01\/Image2-2-300x200.jpg 300w\" sizes=\"(max-width: 576px) 100vw, 576px\" \/><\/figure>\n\n\n\n<p>Dans de nombreuses zones rurales, l\u2019acc\u00e8s \u00e0 une \u00e9ducation de qualit\u00e9 reste un v\u00e9ritable d\u00e9fi. Manque de mat\u00e9riels, classes surcharg\u00e9es, \u00e9loignement des centres de formation\u2026 Autant d\u2019obstacles qui freinent la r\u00e9ussite scolaire de milliers d\u2019enfants. Ce sont souvent les enfants les plus motiv\u00e9s qui sont aussi les plus p\u00e9nalis\u00e9s, faute de moyens, de suivi ou [\u2026]<\/p>\n\n\n\n<h4 class=\"wp-block-heading\">\u00catre b\u00e9n\u00e9vole chez AGOUA EDUC : une aventure qui transforme des vies<\/h4>\n\n\n\n<figure class=\"wp-block-image size-full\"><img loading=\"lazy\" decoding=\"async\" width=\"576\" height=\"432\" src=\"https:\/\/agouaeduc.org\/wp-content\/uploads\/2026\/01\/Image3-1.jpg\" alt=\"\" class=\"wp-image-720\" srcset=\"https:\/\/agouaeduc.org\/wp-content\/uploads\/2026\/01\/Image3-1.jpg 576w, https:\/\/agouaeduc.org\/wp-content\/uploads\/2026\/01\/Image3-1-300x225.jpg 300w\" sizes=\"(max-width: 576px) 100vw, 576px\" \/><\/figure>\n\n\n\n<p>On s\u2019engage pour aider, et on en ressort grandi. C\u2019est ce que vivent les b\u00e9n\u00e9voles d\u2019AGOUA EDUC chaque jour, au plus pr\u00e8s des enfants et des familles. Leur r\u00f4le est essentiel : ils apportent leur temps, leur \u00e9nergie, leurs comp\u00e9tences et leur c\u0153ur \u00e0 une cause qui d\u00e9passe les mots \u2013 l\u2019avenir des enfants. En [\u2026]<\/p>\n\n\n\n<h4 class=\"wp-block-heading\">Apprendre le c\u0153ur l\u00e9ger : pourquoi le bien-\u00eatre est la cl\u00e9 de la r\u00e9ussite scolaire<\/h4>\n\n\n\n<figure class=\"wp-block-image size-full\"><img loading=\"lazy\" decoding=\"async\" width=\"512\" height=\"171\" src=\"https:\/\/agouaeduc.org\/wp-content\/uploads\/2026\/01\/Image4-1.jpg\" alt=\"\" class=\"wp-image-721\" srcset=\"https:\/\/agouaeduc.org\/wp-content\/uploads\/2026\/01\/Image4-1.jpg 512w, https:\/\/agouaeduc.org\/wp-content\/uploads\/2026\/01\/Image4-1-300x100.jpg 300w\" sizes=\"(max-width: 512px) 100vw, 512px\" \/><\/figure>\n\n\n\n<p>Derri\u00e8re chaque enfant en difficult\u00e9 scolaire, il y a souvent des blessures invisibles : stress, isolement, violences, manque de confiance en soi\u2026 Ces fardeaux, silencieux mais lourds, entravent l\u2019apprentissage et figent l\u2019\u00e9lan naturel vers la curiosit\u00e9 et la d\u00e9couverte. Chez AGOUA EDUC, nous savons qu\u2019un enfant ne peut pas apprendre sereinement s\u2019il ne se sent [\u2026]<\/p>\n","protected":false},"excerpt":{"rendered":"<p>Offrez-leur une chance de r\u00e9ussir Chaque don, petit ou grand, change concr\u00e8tement la vie d\u2019un enfant en lui ouvrant les portes de l\u2019\u00e9ducation, du soutien et de l\u2019espoir. Faire un don Projet pilote d\u2019accompagnement des enfants \u2013 Association Agoua \u00c9duc &hellip; <\/p>\n","protected":false},"author":1,"featured_media":0,"parent":0,"menu_order":0,"comment_status":"closed","ping_status":"closed","template":"","meta":{"footnotes":""},"class_list":["post-666","page","type-page","status-publish","hentry"],"yoast_head":"<!-- This site is optimized with the Yoast SEO plugin v27.4 - https:\/\/yoast.com\/product\/yoast-seo-wordpress\/ -->\n<title>Blog - AGOUA EDUC<\/title>\n<meta name=\"robots\" content=\"index, follow, max-snippet:-1, max-image-preview:large, max-video-preview:-1\" \/>\n<link rel=\"canonical\" href=\"https:\/\/agouaeduc.org\/?page_id=666\" \/>\n<meta property=\"og:locale\" content=\"fr_CA\" \/>\n<meta property=\"og:type\" content=\"article\" \/>\n<meta property=\"og:title\" content=\"Blog - AGOUA EDUC\" \/>\n<meta property=\"og:description\" content=\"Offrez-leur une chance de r\u00e9ussir Chaque don, petit ou grand, change concr\u00e8tement la vie d\u2019un enfant en lui ouvrant les portes de l\u2019\u00e9ducation, du soutien et de l\u2019espoir. Faire un don Projet pilote d\u2019accompagnement des enfants \u2013 Association Agoua \u00c9duc &hellip;\" \/>\n<meta property=\"og:url\" content=\"https:\/\/agouaeduc.org\/?page_id=666\" \/>\n<meta property=\"og:site_name\" content=\"AGOUA EDUC\" \/>\n<meta property=\"article:modified_time\" content=\"2026-01-15T11:22:28+00:00\" \/>\n<meta property=\"og:image\" content=\"https:\/\/agouaeduc.org\/wp-content\/uploads\/2026\/01\/Image4.jpg\" \/>\n\t<meta property=\"og:image:width\" content=\"1320\" \/>\n\t<meta property=\"og:image:height\" content=\"880\" \/>\n\t<meta property=\"og:image:type\" content=\"image\/jpeg\" \/>\n<meta name=\"twitter:card\" content=\"summary_large_image\" \/>\n<meta name=\"twitter:label1\" content=\"Estimation du temps de lecture\" \/>\n\t<meta name=\"twitter:data1\" content=\"3 minutes\" \/>\n<script type=\"application\/ld+json\" class=\"yoast-schema-graph\">{\"@context\":\"https:\\\/\\\/schema.org\",\"@graph\":[{\"@type\":\"WebPage\",\"@id\":\"https:\\\/\\\/agouaeduc.org\\\/?page_id=666\",\"url\":\"https:\\\/\\\/agouaeduc.org\\\/?page_id=666\",\"name\":\"Blog - AGOUA EDUC\",\"isPartOf\":{\"@id\":\"https:\\\/\\\/agouaeduc.org\\\/#website\"},\"primaryImageOfPage\":{\"@id\":\"https:\\\/\\\/agouaeduc.org\\\/?page_id=666#primaryimage\"},\"image\":{\"@id\":\"https:\\\/\\\/agouaeduc.org\\\/?page_id=666#primaryimage\"},\"thumbnailUrl\":\"https:\\\/\\\/agouaeduc.org\\\/wp-content\\\/uploads\\\/2026\\\/01\\\/Image4-1024x683.jpg\",\"datePublished\":\"2026-01-15T11:19:43+00:00\",\"dateModified\":\"2026-01-15T11:22:28+00:00\",\"breadcrumb\":{\"@id\":\"https:\\\/\\\/agouaeduc.org\\\/?page_id=666#breadcrumb\"},\"inLanguage\":\"fr-CA\",\"potentialAction\":[{\"@type\":\"ReadAction\",\"target\":[\"https:\\\/\\\/agouaeduc.org\\\/?page_id=666\"]}]},{\"@type\":\"ImageObject\",\"inLanguage\":\"fr-CA\",\"@id\":\"https:\\\/\\\/agouaeduc.org\\\/?page_id=666#primaryimage\",\"url\":\"https:\\\/\\\/agouaeduc.org\\\/wp-content\\\/uploads\\\/2026\\\/01\\\/Image4.jpg\",\"contentUrl\":\"https:\\\/\\\/agouaeduc.org\\\/wp-content\\\/uploads\\\/2026\\\/01\\\/Image4.jpg\",\"width\":1320,\"height\":880},{\"@type\":\"BreadcrumbList\",\"@id\":\"https:\\\/\\\/agouaeduc.org\\\/?page_id=666#breadcrumb\",\"itemListElement\":[{\"@type\":\"ListItem\",\"position\":1,\"name\":\"Accueil\",\"item\":\"https:\\\/\\\/agouaeduc.org\\\/\"},{\"@type\":\"ListItem\",\"position\":2,\"name\":\"Blog\"}]},{\"@type\":\"WebSite\",\"@id\":\"https:\\\/\\\/agouaeduc.org\\\/#website\",\"url\":\"https:\\\/\\\/agouaeduc.org\\\/\",\"name\":\"AGOUA EDUC\",\"description\":\"Ensemble donnons aux enfants en difficult\u00e9 les cl\u00e9s de l&#039;avenir\",\"publisher\":{\"@id\":\"https:\\\/\\\/agouaeduc.org\\\/#organization\"},\"potentialAction\":[{\"@type\":\"SearchAction\",\"target\":{\"@type\":\"EntryPoint\",\"urlTemplate\":\"https:\\\/\\\/agouaeduc.org\\\/?s={search_term_string}\"},\"query-input\":{\"@type\":\"PropertyValueSpecification\",\"valueRequired\":true,\"valueName\":\"search_term_string\"}}],\"inLanguage\":\"fr-CA\"},{\"@type\":\"Organization\",\"@id\":\"https:\\\/\\\/agouaeduc.org\\\/#organization\",\"name\":\"AGOUA EDUC\",\"url\":\"https:\\\/\\\/agouaeduc.org\\\/\",\"logo\":{\"@type\":\"ImageObject\",\"inLanguage\":\"fr-CA\",\"@id\":\"https:\\\/\\\/agouaeduc.org\\\/#\\\/schema\\\/logo\\\/image\\\/\",\"url\":\"https:\\\/\\\/agouaeduc.org\\\/wp-content\\\/uploads\\\/2026\\\/01\\\/Logo_Agouaeduc_150.jpg\",\"contentUrl\":\"https:\\\/\\\/agouaeduc.org\\\/wp-content\\\/uploads\\\/2026\\\/01\\\/Logo_Agouaeduc_150.jpg\",\"width\":150,\"height\":150,\"caption\":\"AGOUA EDUC\"},\"image\":{\"@id\":\"https:\\\/\\\/agouaeduc.org\\\/#\\\/schema\\\/logo\\\/image\\\/\"}}]}<\/script>\n<!-- \/ Yoast SEO plugin. -->","yoast_head_json":{"title":"Blog - AGOUA EDUC","robots":{"index":"index","follow":"follow","max-snippet":"max-snippet:-1","max-image-preview":"max-image-preview:large","max-video-preview":"max-video-preview:-1"},"canonical":"https:\/\/agouaeduc.org\/?page_id=666","og_locale":"fr_CA","og_type":"article","og_title":"Blog - AGOUA EDUC","og_description":"Offrez-leur une chance de r\u00e9ussir Chaque don, petit ou grand, change concr\u00e8tement la vie d\u2019un enfant en lui ouvrant les portes de l\u2019\u00e9ducation, du soutien et de l\u2019espoir. Faire un don Projet pilote d\u2019accompagnement des enfants \u2013 Association Agoua \u00c9duc &hellip;","og_url":"https:\/\/agouaeduc.org\/?page_id=666","og_site_name":"AGOUA EDUC","article_modified_time":"2026-01-15T11:22:28+00:00","og_image":[{"width":1320,"height":880,"url":"https:\/\/agouaeduc.org\/wp-content\/uploads\/2026\/01\/Image4.jpg","type":"image\/jpeg"}],"twitter_card":"summary_large_image","twitter_misc":{"Estimation du temps de lecture":"3 minutes"},"schema":{"@context":"https:\/\/schema.org","@graph":[{"@type":"WebPage","@id":"https:\/\/agouaeduc.org\/?page_id=666","url":"https:\/\/agouaeduc.org\/?page_id=666","name":"Blog - AGOUA EDUC","isPartOf":{"@id":"https:\/\/agouaeduc.org\/#website"},"primaryImageOfPage":{"@id":"https:\/\/agouaeduc.org\/?page_id=666#primaryimage"},"image":{"@id":"https:\/\/agouaeduc.org\/?page_id=666#primaryimage"},"thumbnailUrl":"https:\/\/agouaeduc.org\/wp-content\/uploads\/2026\/01\/Image4-1024x683.jpg","datePublished":"2026-01-15T11:19:43+00:00","dateModified":"2026-01-15T11:22:28+00:00","breadcrumb":{"@id":"https:\/\/agouaeduc.org\/?page_id=666#breadcrumb"},"inLanguage":"fr-CA","potentialAction":[{"@type":"ReadAction","target":["https:\/\/agouaeduc.org\/?page_id=666"]}]},{"@type":"ImageObject","inLanguage":"fr-CA","@id":"https:\/\/agouaeduc.org\/?page_id=666#primaryimage","url":"https:\/\/agouaeduc.org\/wp-content\/uploads\/2026\/01\/Image4.jpg","contentUrl":"https:\/\/agouaeduc.org\/wp-content\/uploads\/2026\/01\/Image4.jpg","width":1320,"height":880},{"@type":"BreadcrumbList","@id":"https:\/\/agouaeduc.org\/?page_id=666#breadcrumb","itemListElement":[{"@type":"ListItem","position":1,"name":"Accueil","item":"https:\/\/agouaeduc.org\/"},{"@type":"ListItem","position":2,"name":"Blog"}]},{"@type":"WebSite","@id":"https:\/\/agouaeduc.org\/#website","url":"https:\/\/agouaeduc.org\/","name":"AGOUA EDUC","description":"Ensemble donnons aux enfants en difficult\u00e9 les cl\u00e9s de l&#039;avenir","publisher":{"@id":"https:\/\/agouaeduc.org\/#organization"},"potentialAction":[{"@type":"SearchAction","target":{"@type":"EntryPoint","urlTemplate":"https:\/\/agouaeduc.org\/?s={search_term_string}"},"query-input":{"@type":"PropertyValueSpecification","valueRequired":true,"valueName":"search_term_string"}}],"inLanguage":"fr-CA"},{"@type":"Organization","@id":"https:\/\/agouaeduc.org\/#organization","name":"AGOUA EDUC","url":"https:\/\/agouaeduc.org\/","logo":{"@type":"ImageObject","inLanguage":"fr-CA","@id":"https:\/\/agouaeduc.org\/#\/schema\/logo\/image\/","url":"https:\/\/agouaeduc.org\/wp-content\/uploads\/2026\/01\/Logo_Agouaeduc_150.jpg","contentUrl":"https:\/\/agouaeduc.org\/wp-content\/uploads\/2026\/01\/Logo_Agouaeduc_150.jpg","width":150,"height":150,"caption":"AGOUA EDUC"},"image":{"@id":"https:\/\/agouaeduc.org\/#\/schema\/logo\/image\/"}}]}},"_links":{"self":[{"href":"https:\/\/agouaeduc.org\/index.php?rest_route=\/wp\/v2\/pages\/666","targetHints":{"allow":["GET"]}}],"collection":[{"href":"https:\/\/agouaeduc.org\/index.php?rest_route=\/wp\/v2\/pages"}],"about":[{"href":"https:\/\/agouaeduc.org\/index.php?rest_route=\/wp\/v2\/types\/page"}],"author":[{"embeddable":true,"href":"https:\/\/agouaeduc.org\/index.php?rest_route=\/wp\/v2\/users\/1"}],"replies":[{"embeddable":true,"href":"https:\/\/agouaeduc.org\/index.php?rest_route=%2Fwp%2Fv2%2Fcomments&post=666"}],"version-history":[{"count":4,"href":"https:\/\/agouaeduc.org\/index.php?rest_route=\/wp\/v2\/pages\/666\/revisions"}],"predecessor-version":[{"id":722,"href":"https:\/\/agouaeduc.org\/index.php?rest_route=\/wp\/v2\/pages\/666\/revisions\/722"}],"wp:attachment":[{"href":"https:\/\/agouaeduc.org\/index.php?rest_route=%2Fwp%2Fv2%2Fmedia&parent=666"}],"curies":[{"name":"wp","href":"https:\/\/api.w.org\/{rel}","templated":true}]}}